{"id":88,"date":"2018-07-25T10:20:14","date_gmt":"2018-07-25T10:20:14","guid":{"rendered":"http:\/\/wp.mickerts.de\/?page_id=88"},"modified":"2018-09-05T09:20:03","modified_gmt":"2018-09-05T09:20:03","slug":"baeder","status":"publish","type":"page","link":"http:\/\/mickerts.de\/?page_id=88","title":{"rendered":"B\u00e4der"},"content":{"rendered":"\t\t<div data-elementor-type=\"wp-post\" data-elementor-id=\"88\" class=\"elementor elementor-88 elementor-bc-flex-widget\">\n\t\t\t\t\t\t<section class=\"elementor-section elementor-top-section elementor-element elementor-element-6565936 elementor-section-boxed elementor-section-height-default elementor-section-height-default\" data-id=\"6565936\" data-element_type=\"section\">\n\t\t\t\t\t\t<div class=\"elementor-container elementor-column-gap-default\">\n\t\t\t\t\t<div class=\"elementor-column elementor-col-50 elementor-top-column elementor-element elementor-element-5715436\" data-id=\"5715436\" data-element_type=\"column\">\n\t\t\t<div class=\"elementor-widget-wrap elementor-element-populated\">\n\t\t\t\t\t\t<div class=\"elementor-element elementor-element-fa1a2d4 elementor-widget elementor-widget-text-editor\" data-id=\"fa1a2d4\" data-element_type=\"widget\" data-widget_type=\"text-editor.default\">\n\t\t\t\t<div class=\"elementor-widget-container\">\n\t\t\t\t\t\t\t\t\t<h4><span style=\"font-family: helvetica, arial, sans-serif;\">Das Bad &#8211; Mittelpunkt und Ausdruck des Lebens.\u00a0<\/span><\/h4><p><span style=\"font-family: helvetica, arial, sans-serif;\">\u00a0<\/span><\/p><p><span style=\"font-family: helvetica, arial, sans-serif;\">Naturstein im Bad ist feuchtigkeitsresistent, hygienisch und pflegeleicht, sowohl im Wand- als auch im Bodenbereich. Vielf\u00e4ltige Kombinationsm\u00f6glichkeiten in Material- und Formgebung machen Ihr Bad zu ihrer ganz speziellen, eigenen Wohlf\u00fchloase.<\/span><\/p>\t\t\t\t\t\t\t\t<\/div>\n\t\t\t\t<\/div>\n\t\t\t\t\t<\/div>\n\t\t<\/div>\n\t\t\t\t<div class=\"elementor-column elementor-col-50 elementor-top-column elementor-element elementor-element-e398e82\" data-id=\"e398e82\" data-element_type=\"column\">\n\t\t\t<div class=\"elementor-widget-wrap elementor-element-populated\">\n\t\t\t\t\t\t<div class=\"elementor-element elementor-element-d69ed09 elementor-widget elementor-widget-image\" data-id=\"d69ed09\" data-element_type=\"widget\" data-widget_type=\"image.default\">\n\t\t\t\t<div class=\"elementor-widget-container\">\n\t\t\t\t\t\t\t\t\t\t\t\t\t\t\t<img fetchpriority=\"high\" decoding=\"async\" width=\"480\" height=\"360\" src=\"https:\/\/mickerts.de\/wp-content\/uploads\/2018\/07\/08.jpg\" class=\"attachment-large size-large wp-image-13\" alt=\"\" srcset=\"https:\/\/mickerts.de\/wp-content\/uploads\/2018\/07\/08.jpg 480w, https:\/\/mickerts.de\/wp-content\/uploads\/2018\/07\/08-300x225.jpg 300w, https:\/\/mickerts.de\/wp-content\/uploads\/2018\/07\/08-120x90.jpg 120w\" sizes=\"(max-width: 480px) 100vw, 480px\" \/>\t\t\t\t\t\t\t\t\t\t\t\t\t\t\t<\/div>\n\t\t\t\t<\/div>\n\t\t\t\t\t<\/div>\n\t\t<\/div>\n\t\t\t\t\t<\/div>\n\t\t<\/section>\n\t\t\t\t<section class=\"elementor-section elementor-top-section elementor-element elementor-element-741e522 elementor-section-boxed elementor-section-height-default elementor-section-height-default\" data-id=\"741e522\" data-element_type=\"section\">\n\t\t\t\t\t\t<div class=\"elementor-container elementor-column-gap-default\">\n\t\t\t\t\t<div class=\"elementor-column elementor-col-100 elementor-top-column elementor-element elementor-element-d9cabd6\" data-id=\"d9cabd6\" data-element_type=\"column\">\n\t\t\t<div class=\"elementor-widget-wrap elementor-element-populated\">\n\t\t\t\t\t\t<div class=\"elementor-element elementor-element-f3bbc98 elementor-widget elementor-widget-image-gallery\" data-id=\"f3bbc98\" data-element_type=\"widget\" data-widget_type=\"image-gallery.default\">\n\t\t\t\t<div class=\"elementor-widget-container\">\n\t\t\t\t\t\t\t<div class=\"elementor-image-gallery\">\n\t\t\t\n\t\t<style type=\"text\/css\">\n\t\t\t#gallery-1 {\n\t\t\t\tmargin: auto;\n\t\t\t}\n\t\t\t#gallery-1 .gallery-item {\n\t\t\t\tfloat: left;\n\t\t\t\tmargin-top: 10px;\n\t\t\t\ttext-align: center;\n\t\t\t\twidth: 25%;\n\t\t\t}\n\t\t\t#gallery-1 img {\n\t\t\t\tborder: 2px solid #cfcfcf;\n\t\t\t}\n\t\t\t#gallery-1 .gallery-caption {\n\t\t\t\tmargin-left: 0;\n\t\t\t}\n\t\t\t\/* see gallery_shortcode() in wp-includes\/media.php *\/\n\t\t<\/style>\n\t\t<div id='gallery-1' class='gallery galleryid-88 gallery-columns-4 gallery-size-medium'><dl class='gallery-item'>\n\t\t\t<dt class='gallery-icon landscape'>\n\t\t\t\t<a data-elementor-open-lightbox=\"yes\" data-elementor-lightbox-slideshow=\"f3bbc98\" data-elementor-lightbox-title=\"07\" data-e-action-hash=\"#elementor-action%3Aaction%3Dlightbox%26settings%3DeyJpZCI6MTIsInVybCI6Imh0dHBzOlwvXC9taWNrZXJ0cy5kZVwvd3AtY29udGVudFwvdXBsb2Fkc1wvMjAxOFwvMDdcLzA3LmpwZyIsInNsaWRlc2hvdyI6ImYzYmJjOTgifQ%3D%3D\" href='https:\/\/mickerts.de\/wp-content\/uploads\/2018\/07\/07.jpg'><img decoding=\"async\" width=\"300\" height=\"225\" src=\"https:\/\/mickerts.de\/wp-content\/uploads\/2018\/07\/07-300x225.jpg\" class=\"attachment-medium size-medium\" alt=\"\" srcset=\"https:\/\/mickerts.de\/wp-content\/uploads\/2018\/07\/07-300x225.jpg 300w, https:\/\/mickerts.de\/wp-content\/uploads\/2018\/07\/07-120x90.jpg 120w, https:\/\/mickerts.de\/wp-content\/uploads\/2018\/07\/07.jpg 480w\" sizes=\"(max-width: 300px) 100vw, 300px\" \/><\/a>\n\t\t\t<\/dt><\/dl><dl class='gallery-item'>\n\t\t\t<dt class='gallery-icon landscape'>\n\t\t\t\t<a data-elementor-open-lightbox=\"yes\" data-elementor-lightbox-slideshow=\"f3bbc98\" data-elementor-lightbox-title=\"04\" data-e-action-hash=\"#elementor-action%3Aaction%3Dlightbox%26settings%3DeyJpZCI6OSwidXJsIjoiaHR0cHM6XC9cL21pY2tlcnRzLmRlXC93cC1jb250ZW50XC91cGxvYWRzXC8yMDE4XC8wN1wvMDQuanBnIiwic2xpZGVzaG93IjoiZjNiYmM5OCJ9\" href='https:\/\/mickerts.de\/wp-content\/uploads\/2018\/07\/04.jpg'><img decoding=\"async\" width=\"300\" height=\"225\" src=\"https:\/\/mickerts.de\/wp-content\/uploads\/2018\/07\/04-300x225.jpg\" class=\"attachment-medium size-medium\" alt=\"\" srcset=\"https:\/\/mickerts.de\/wp-content\/uploads\/2018\/07\/04-300x225.jpg 300w, https:\/\/mickerts.de\/wp-content\/uploads\/2018\/07\/04-120x90.jpg 120w, https:\/\/mickerts.de\/wp-content\/uploads\/2018\/07\/04.jpg 480w\" sizes=\"(max-width: 300px) 100vw, 300px\" \/><\/a>\n\t\t\t<\/dt><\/dl><dl class='gallery-item'>\n\t\t\t<dt class='gallery-icon landscape'>\n\t\t\t\t<a data-elementor-open-lightbox=\"yes\" data-elementor-lightbox-slideshow=\"f3bbc98\" data-elementor-lightbox-title=\"05\" data-e-action-hash=\"#elementor-action%3Aaction%3Dlightbox%26settings%3DeyJpZCI6MTAsInVybCI6Imh0dHBzOlwvXC9taWNrZXJ0cy5kZVwvd3AtY29udGVudFwvdXBsb2Fkc1wvMjAxOFwvMDdcLzA1LmpwZyIsInNsaWRlc2hvdyI6ImYzYmJjOTgifQ%3D%3D\" href='https:\/\/mickerts.de\/wp-content\/uploads\/2018\/07\/05.jpg'><img loading=\"lazy\" decoding=\"async\" width=\"300\" height=\"225\" src=\"https:\/\/mickerts.de\/wp-content\/uploads\/2018\/07\/05-300x225.jpg\" class=\"attachment-medium size-medium\" alt=\"\" srcset=\"https:\/\/mickerts.de\/wp-content\/uploads\/2018\/07\/05-300x225.jpg 300w, https:\/\/mickerts.de\/wp-content\/uploads\/2018\/07\/05-120x90.jpg 120w, https:\/\/mickerts.de\/wp-content\/uploads\/2018\/07\/05.jpg 480w\" sizes=\"(max-width: 300px) 100vw, 300px\" \/><\/a>\n\t\t\t<\/dt><\/dl><dl class='gallery-item'>\n\t\t\t<dt class='gallery-icon landscape'>\n\t\t\t\t<a data-elementor-open-lightbox=\"yes\" data-elementor-lightbox-slideshow=\"f3bbc98\" data-elementor-lightbox-title=\"06\" data-e-action-hash=\"#elementor-action%3Aaction%3Dlightbox%26settings%3DeyJpZCI6MTEsInVybCI6Imh0dHBzOlwvXC9taWNrZXJ0cy5kZVwvd3AtY29udGVudFwvdXBsb2Fkc1wvMjAxOFwvMDdcLzA2LmpwZyIsInNsaWRlc2hvdyI6ImYzYmJjOTgifQ%3D%3D\" href='https:\/\/mickerts.de\/wp-content\/uploads\/2018\/07\/06.jpg'><img loading=\"lazy\" decoding=\"async\" width=\"300\" height=\"225\" src=\"https:\/\/mickerts.de\/wp-content\/uploads\/2018\/07\/06-300x225.jpg\" class=\"attachment-medium size-medium\" alt=\"\" srcset=\"https:\/\/mickerts.de\/wp-content\/uploads\/2018\/07\/06-300x225.jpg 300w, https:\/\/mickerts.de\/wp-content\/uploads\/2018\/07\/06-120x90.jpg 120w, https:\/\/mickerts.de\/wp-content\/uploads\/2018\/07\/06.jpg 480w\" sizes=\"(max-width: 300px) 100vw, 300px\" \/><\/a>\n\t\t\t<\/dt><\/dl><br style=\"clear: both\" \/><dl class='gallery-item'>\n\t\t\t<dt class='gallery-icon landscape'>\n\t\t\t\t<a data-elementor-open-lightbox=\"yes\" data-elementor-lightbox-slideshow=\"f3bbc98\" data-elementor-lightbox-title=\"01\" data-e-action-hash=\"#elementor-action%3Aaction%3Dlightbox%26settings%3DeyJpZCI6NiwidXJsIjoiaHR0cHM6XC9cL21pY2tlcnRzLmRlXC93cC1jb250ZW50XC91cGxvYWRzXC8yMDE4XC8wN1wvMDEuanBnIiwic2xpZGVzaG93IjoiZjNiYmM5OCJ9\" href='https:\/\/mickerts.de\/wp-content\/uploads\/2018\/07\/01.jpg'><img loading=\"lazy\" decoding=\"async\" width=\"300\" height=\"225\" src=\"https:\/\/mickerts.de\/wp-content\/uploads\/2018\/07\/01-300x225.jpg\" class=\"attachment-medium size-medium\" alt=\"\" srcset=\"https:\/\/mickerts.de\/wp-content\/uploads\/2018\/07\/01-300x225.jpg 300w, https:\/\/mickerts.de\/wp-content\/uploads\/2018\/07\/01-120x90.jpg 120w, https:\/\/mickerts.de\/wp-content\/uploads\/2018\/07\/01.jpg 480w\" sizes=\"(max-width: 300px) 100vw, 300px\" \/><\/a>\n\t\t\t<\/dt><\/dl><dl class='gallery-item'>\n\t\t\t<dt class='gallery-icon landscape'>\n\t\t\t\t<a data-elementor-open-lightbox=\"yes\" data-elementor-lightbox-slideshow=\"f3bbc98\" data-elementor-lightbox-title=\"02\" data-e-action-hash=\"#elementor-action%3Aaction%3Dlightbox%26settings%3DeyJpZCI6NywidXJsIjoiaHR0cHM6XC9cL21pY2tlcnRzLmRlXC93cC1jb250ZW50XC91cGxvYWRzXC8yMDE4XC8wN1wvMDIuanBnIiwic2xpZGVzaG93IjoiZjNiYmM5OCJ9\" href='https:\/\/mickerts.de\/wp-content\/uploads\/2018\/07\/02.jpg'><img loading=\"lazy\" decoding=\"async\" width=\"300\" height=\"225\" src=\"https:\/\/mickerts.de\/wp-content\/uploads\/2018\/07\/02-300x225.jpg\" class=\"attachment-medium size-medium\" alt=\"\" srcset=\"https:\/\/mickerts.de\/wp-content\/uploads\/2018\/07\/02-300x225.jpg 300w, https:\/\/mickerts.de\/wp-content\/uploads\/2018\/07\/02-120x90.jpg 120w, https:\/\/mickerts.de\/wp-content\/uploads\/2018\/07\/02.jpg 480w\" sizes=\"(max-width: 300px) 100vw, 300px\" \/><\/a>\n\t\t\t<\/dt><\/dl><dl class='gallery-item'>\n\t\t\t<dt class='gallery-icon landscape'>\n\t\t\t\t<a data-elementor-open-lightbox=\"yes\" data-elementor-lightbox-slideshow=\"f3bbc98\" data-elementor-lightbox-title=\"03\" data-e-action-hash=\"#elementor-action%3Aaction%3Dlightbox%26settings%3DeyJpZCI6OCwidXJsIjoiaHR0cHM6XC9cL21pY2tlcnRzLmRlXC93cC1jb250ZW50XC91cGxvYWRzXC8yMDE4XC8wN1wvMDMuanBnIiwic2xpZGVzaG93IjoiZjNiYmM5OCJ9\" href='https:\/\/mickerts.de\/wp-content\/uploads\/2018\/07\/03.jpg'><img loading=\"lazy\" decoding=\"async\" width=\"300\" height=\"225\" src=\"https:\/\/mickerts.de\/wp-content\/uploads\/2018\/07\/03-300x225.jpg\" class=\"attachment-medium size-medium\" alt=\"\" srcset=\"https:\/\/mickerts.de\/wp-content\/uploads\/2018\/07\/03-300x225.jpg 300w, https:\/\/mickerts.de\/wp-content\/uploads\/2018\/07\/03-120x90.jpg 120w, https:\/\/mickerts.de\/wp-content\/uploads\/2018\/07\/03.jpg 480w\" sizes=\"(max-width: 300px) 100vw, 300px\" \/><\/a>\n\t\t\t<\/dt><\/dl>\n\t\t\t<br style='clear: both' \/>\n\t\t<\/div>\n\t\t<\/div>\n\t\t\t\t\t\t<\/div>\n\t\t\t\t<\/div>\n\t\t\t\t<div class=\"elementor-element elementor-element-25e5c95 elementor-widget elementor-widget-spacer\" data-id=\"25e5c95\" data-element_type=\"widget\" data-widget_type=\"spacer.default\">\n\t\t\t\t<div class=\"elementor-widget-container\">\n\t\t\t\t\t\t\t<div class=\"elementor-spacer\">\n\t\t\t<div class=\"elementor-spacer-inner\"><\/div>\n\t\t<\/div>\n\t\t\t\t\t\t<\/div>\n\t\t\t\t<\/div>\n\t\t\t\t\t<\/div>\n\t\t<\/div>\n\t\t\t\t\t<\/div>\n\t\t<\/section>\n\t\t\t\t<\/div>\n\t\t","protected":false},"excerpt":{"rendered":"<p>Das Bad &#8211; Mittelpunkt und Ausdruck des Lebens.\u00a0 \u00a0 Naturstein im Bad ist feuchtigkeitsresistent, hygienisch und pflegeleicht, sowohl im Wand- als auch im Bodenbereich. Vielf\u00e4ltige Kombinationsm\u00f6glichkeiten in Material- und Formgebung machen Ihr Bad zu ihrer ganz speziellen, eigenen Wohlf\u00fchloase.<\/p>\n","protected":false},"author":1,"featured_media":0,"parent":0,"menu_order":0,"comment_status":"closed","ping_status":"closed","template":"","meta":{"footnotes":""},"class_list":["post-88","page","type-page","status-publish","hentry"],"_links":{"self":[{"href":"http:\/\/mickerts.de\/index.php?rest_route=\/wp\/v2\/pages\/88","targetHints":{"allow":["GET"]}}],"collection":[{"href":"http:\/\/mickerts.de\/index.php?rest_route=\/wp\/v2\/pages"}],"about":[{"href":"http:\/\/mickerts.de\/index.php?rest_route=\/wp\/v2\/types\/page"}],"author":[{"embeddable":true,"href":"http:\/\/mickerts.de\/index.php?rest_route=\/wp\/v2\/users\/1"}],"replies":[{"embeddable":true,"href":"http:\/\/mickerts.de\/index.php?rest_route=%2Fwp%2Fv2%2Fcomments&post=88"}],"version-history":[{"count":17,"href":"http:\/\/mickerts.de\/index.php?rest_route=\/wp\/v2\/pages\/88\/revisions"}],"predecessor-version":[{"id":208,"href":"http:\/\/mickerts.de\/index.php?rest_route=\/wp\/v2\/pages\/88\/revisions\/208"}],"wp:attachment":[{"href":"http:\/\/mickerts.de\/index.php?rest_route=%2Fwp%2Fv2%2Fmedia&parent=88"}],"curies":[{"name":"wp","href":"https:\/\/api.w.org\/{rel}","templated":true}]}}