{"id":84,"date":"2018-07-25T10:19:04","date_gmt":"2018-07-25T10:19:04","guid":{"rendered":"http:\/\/wp.mickerts.de\/?page_id=84"},"modified":"2018-09-05T10:09:00","modified_gmt":"2018-09-05T10:09:00","slug":"wohnbereiche","status":"publish","type":"page","link":"http:\/\/mickerts.de\/?page_id=84","title":{"rendered":"Wohnbereiche"},"content":{"rendered":"\t\t<div data-elementor-type=\"wp-page\" data-elementor-id=\"84\" class=\"elementor elementor-84 elementor-bc-flex-widget\">\n\t\t\t\t\t\t<section class=\"elementor-section elementor-top-section elementor-element elementor-element-1f67bb6a elementor-section-boxed elementor-section-height-default elementor-section-height-default\" data-id=\"1f67bb6a\" data-element_type=\"section\">\n\t\t\t\t\t\t<div class=\"elementor-container elementor-column-gap-default\">\n\t\t\t\t\t<div class=\"elementor-column elementor-col-50 elementor-top-column elementor-element elementor-element-312fb2c0\" data-id=\"312fb2c0\" data-element_type=\"column\">\n\t\t\t<div class=\"elementor-widget-wrap elementor-element-populated\">\n\t\t\t\t\t\t<div class=\"elementor-element elementor-element-100b8947 elementor-widget elementor-widget-text-editor\" data-id=\"100b8947\" data-element_type=\"widget\" data-widget_type=\"text-editor.default\">\n\t\t\t\t<div class=\"elementor-widget-container\">\n\t\t\t\t\t\t\t\t\t<h4><span style=\"font-family: helvetica, arial, sans-serif;\">Wohnbereiche<\/span><\/h4><p><span style=\"font-family: helvetica, arial, sans-serif;\">Naturstein im Innenbereich &#8211;\u00a0nat\u00fcrliche Sch\u00f6nheit, pflegeleicht und besonders unempfindlich. Eingangsbereiche, Bodenbel\u00e4ge, Treppenstufen, Kaminverkleidungen und auch M\u00f6bel: Naturstein hat alle Vorz\u00fcge.<\/span><\/p>\t\t\t\t\t\t\t\t<\/div>\n\t\t\t\t<\/div>\n\t\t\t\t\t<\/div>\n\t\t<\/div>\n\t\t\t\t<div class=\"elementor-column elementor-col-50 elementor-top-column elementor-element elementor-element-1dfde9e\" data-id=\"1dfde9e\" data-element_type=\"column\">\n\t\t\t<div class=\"elementor-widget-wrap elementor-element-populated\">\n\t\t\t\t\t\t<div class=\"elementor-element elementor-element-9662112 elementor-widget elementor-widget-image\" data-id=\"9662112\" data-element_type=\"widget\" data-widget_type=\"image.default\">\n\t\t\t\t<div class=\"elementor-widget-container\">\n\t\t\t\t\t\t\t\t\t\t\t\t\t\t\t<img fetchpriority=\"high\" decoding=\"async\" width=\"1024\" height=\"768\" src=\"http:\/\/mickerts.de\/wp-content\/uploads\/2018\/09\/dscn0898-1024x768.jpg\" class=\"attachment-large size-large wp-image-258\" alt=\"\" srcset=\"http:\/\/mickerts.de\/wp-content\/uploads\/2018\/09\/dscn0898-1024x768.jpg 1024w, http:\/\/mickerts.de\/wp-content\/uploads\/2018\/09\/dscn0898-300x225.jpg 300w, http:\/\/mickerts.de\/wp-content\/uploads\/2018\/09\/dscn0898-768x576.jpg 768w, http:\/\/mickerts.de\/wp-content\/uploads\/2018\/09\/dscn0898-120x90.jpg 120w\" sizes=\"(max-width: 1024px) 100vw, 1024px\" \/>\t\t\t\t\t\t\t\t\t\t\t\t\t\t\t<\/div>\n\t\t\t\t<\/div>\n\t\t\t\t\t<\/div>\n\t\t<\/div>\n\t\t\t\t\t<\/div>\n\t\t<\/section>\n\t\t\t\t<section class=\"elementor-section elementor-top-section elementor-element elementor-element-06283f2 elementor-section-boxed elementor-section-height-default elementor-section-height-default\" data-id=\"06283f2\" data-element_type=\"section\">\n\t\t\t\t\t\t<div class=\"elementor-container elementor-column-gap-default\">\n\t\t\t\t\t<div class=\"elementor-column elementor-col-100 elementor-top-column elementor-element elementor-element-2f1f6a8\" data-id=\"2f1f6a8\" data-element_type=\"column\">\n\t\t\t<div class=\"elementor-widget-wrap elementor-element-populated\">\n\t\t\t\t\t\t<div class=\"elementor-element elementor-element-b540b41 elementor-widget elementor-widget-image-gallery\" data-id=\"b540b41\" data-element_type=\"widget\" data-widget_type=\"image-gallery.default\">\n\t\t\t\t<div class=\"elementor-widget-container\">\n\t\t\t\t\t\t\t<div class=\"elementor-image-gallery\">\n\t\t\t\n\t\t<style type=\"text\/css\">\n\t\t\t#gallery-1 {\n\t\t\t\tmargin: auto;\n\t\t\t}\n\t\t\t#gallery-1 .gallery-item {\n\t\t\t\tfloat: left;\n\t\t\t\tmargin-top: 10px;\n\t\t\t\ttext-align: center;\n\t\t\t\twidth: 33%;\n\t\t\t}\n\t\t\t#gallery-1 img {\n\t\t\t\tborder: 2px solid #cfcfcf;\n\t\t\t}\n\t\t\t#gallery-1 .gallery-caption {\n\t\t\t\tmargin-left: 0;\n\t\t\t}\n\t\t\t\/* see gallery_shortcode() in wp-includes\/media.php *\/\n\t\t<\/style>\n\t\t<div id='gallery-1' class='gallery galleryid-84 gallery-columns-3 gallery-size-medium'><dl class='gallery-item'>\n\t\t\t<dt class='gallery-icon landscape'>\n\t\t\t\t<a data-elementor-open-lightbox=\"yes\" data-elementor-lightbox-slideshow=\"b540b41\" data-elementor-lightbox-title=\"img_0056\" data-e-action-hash=\"#elementor-action%3Aaction%3Dlightbox%26settings%3DeyJpZCI6MjYyLCJ1cmwiOiJodHRwOlwvXC9taWNrZXJ0cy5kZVwvd3AtY29udGVudFwvdXBsb2Fkc1wvMjAxOFwvMDlcL2ltZ18wMDU2LmpwZyIsInNsaWRlc2hvdyI6ImI1NDBiNDEifQ%3D%3D\" href='http:\/\/mickerts.de\/wp-content\/uploads\/2018\/09\/img_0056.jpg'><img decoding=\"async\" width=\"300\" height=\"225\" src=\"http:\/\/mickerts.de\/wp-content\/uploads\/2018\/09\/img_0056-300x225.jpg\" class=\"attachment-medium size-medium\" alt=\"\" srcset=\"http:\/\/mickerts.de\/wp-content\/uploads\/2018\/09\/img_0056-300x225.jpg 300w, http:\/\/mickerts.de\/wp-content\/uploads\/2018\/09\/img_0056-768x576.jpg 768w, http:\/\/mickerts.de\/wp-content\/uploads\/2018\/09\/img_0056-1024x768.jpg 1024w, http:\/\/mickerts.de\/wp-content\/uploads\/2018\/09\/img_0056-120x90.jpg 120w\" sizes=\"(max-width: 300px) 100vw, 300px\" \/><\/a>\n\t\t\t<\/dt><\/dl><dl class='gallery-item'>\n\t\t\t<dt class='gallery-icon landscape'>\n\t\t\t\t<a data-elementor-open-lightbox=\"yes\" data-elementor-lightbox-slideshow=\"b540b41\" data-elementor-lightbox-title=\"dscn1482\" data-e-action-hash=\"#elementor-action%3Aaction%3Dlightbox%26settings%3DeyJpZCI6MjYxLCJ1cmwiOiJodHRwOlwvXC9taWNrZXJ0cy5kZVwvd3AtY29udGVudFwvdXBsb2Fkc1wvMjAxOFwvMDlcL2RzY24xNDgyLmpwZyIsInNsaWRlc2hvdyI6ImI1NDBiNDEifQ%3D%3D\" href='http:\/\/mickerts.de\/wp-content\/uploads\/2018\/09\/dscn1482.jpg'><img decoding=\"async\" width=\"300\" height=\"225\" src=\"http:\/\/mickerts.de\/wp-content\/uploads\/2018\/09\/dscn1482-300x225.jpg\" class=\"attachment-medium size-medium\" alt=\"\" srcset=\"http:\/\/mickerts.de\/wp-content\/uploads\/2018\/09\/dscn1482-300x225.jpg 300w, http:\/\/mickerts.de\/wp-content\/uploads\/2018\/09\/dscn1482-768x576.jpg 768w, http:\/\/mickerts.de\/wp-content\/uploads\/2018\/09\/dscn1482-1024x768.jpg 1024w, http:\/\/mickerts.de\/wp-content\/uploads\/2018\/09\/dscn1482-120x90.jpg 120w\" sizes=\"(max-width: 300px) 100vw, 300px\" \/><\/a>\n\t\t\t<\/dt><\/dl><dl class='gallery-item'>\n\t\t\t<dt class='gallery-icon landscape'>\n\t\t\t\t<a data-elementor-open-lightbox=\"yes\" data-elementor-lightbox-slideshow=\"b540b41\" data-elementor-lightbox-title=\"dscn1473\" data-e-action-hash=\"#elementor-action%3Aaction%3Dlightbox%26settings%3DeyJpZCI6MjU5LCJ1cmwiOiJodHRwOlwvXC9taWNrZXJ0cy5kZVwvd3AtY29udGVudFwvdXBsb2Fkc1wvMjAxOFwvMDlcL2RzY24xNDczLmpwZyIsInNsaWRlc2hvdyI6ImI1NDBiNDEifQ%3D%3D\" href='http:\/\/mickerts.de\/wp-content\/uploads\/2018\/09\/dscn1473.jpg'><img loading=\"lazy\" decoding=\"async\" width=\"300\" height=\"225\" src=\"http:\/\/mickerts.de\/wp-content\/uploads\/2018\/09\/dscn1473-300x225.jpg\" class=\"attachment-medium size-medium\" alt=\"\" srcset=\"http:\/\/mickerts.de\/wp-content\/uploads\/2018\/09\/dscn1473-300x225.jpg 300w, http:\/\/mickerts.de\/wp-content\/uploads\/2018\/09\/dscn1473-768x576.jpg 768w, http:\/\/mickerts.de\/wp-content\/uploads\/2018\/09\/dscn1473-1024x768.jpg 1024w, http:\/\/mickerts.de\/wp-content\/uploads\/2018\/09\/dscn1473-120x90.jpg 120w\" sizes=\"(max-width: 300px) 100vw, 300px\" \/><\/a>\n\t\t\t<\/dt><\/dl><br style=\"clear: both\" \/>\n\t\t<\/div>\n\t\t<\/div>\n\t\t\t\t\t\t<\/div>\n\t\t\t\t<\/div>\n\t\t\t\t<div class=\"elementor-element elementor-element-a8edb55 elementor-widget elementor-widget-spacer\" data-id=\"a8edb55\" data-element_type=\"widget\" data-widget_type=\"spacer.default\">\n\t\t\t\t<div class=\"elementor-widget-container\">\n\t\t\t\t\t\t\t<div class=\"elementor-spacer\">\n\t\t\t<div class=\"elementor-spacer-inner\"><\/div>\n\t\t<\/div>\n\t\t\t\t\t\t<\/div>\n\t\t\t\t<\/div>\n\t\t\t\t\t<\/div>\n\t\t<\/div>\n\t\t\t\t\t<\/div>\n\t\t<\/section>\n\t\t\t\t<\/div>\n\t\t","protected":false},"excerpt":{"rendered":"<p>Wohnbereiche Naturstein im Innenbereich &#8211;\u00a0nat\u00fcrliche Sch\u00f6nheit, pflegeleicht und besonders unempfindlich. Eingangsbereiche, Bodenbel\u00e4ge, Treppenstufen, Kaminverkleidungen und auch M\u00f6bel: Naturstein hat alle Vorz\u00fcge.<\/p>\n","protected":false},"author":1,"featured_media":0,"parent":0,"menu_order":0,"comment_status":"closed","ping_status":"closed","template":"","meta":{"footnotes":""},"class_list":["post-84","page","type-page","status-publish","hentry"],"_links":{"self":[{"href":"http:\/\/mickerts.de\/index.php?rest_route=\/wp\/v2\/pages\/84","targetHints":{"allow":["GET"]}}],"collection":[{"href":"http:\/\/mickerts.de\/index.php?rest_route=\/wp\/v2\/pages"}],"about":[{"href":"http:\/\/mickerts.de\/index.php?rest_route=\/wp\/v2\/types\/page"}],"author":[{"embeddable":true,"href":"http:\/\/mickerts.de\/index.php?rest_route=\/wp\/v2\/users\/1"}],"replies":[{"embeddable":true,"href":"http:\/\/mickerts.de\/index.php?rest_route=%2Fwp%2Fv2%2Fcomments&post=84"}],"version-history":[{"count":4,"href":"http:\/\/mickerts.de\/index.php?rest_route=\/wp\/v2\/pages\/84\/revisions"}],"predecessor-version":[{"id":264,"href":"http:\/\/mickerts.de\/index.php?rest_route=\/wp\/v2\/pages\/84\/revisions\/264"}],"wp:attachment":[{"href":"http:\/\/mickerts.de\/index.php?rest_route=%2Fwp%2Fv2%2Fmedia&parent=84"}],"curies":[{"name":"wp","href":"https:\/\/api.w.org\/{rel}","templated":true}]}}