{"id":82,"date":"2018-07-25T10:17:38","date_gmt":"2018-07-25T10:17:38","guid":{"rendered":"http:\/\/wp.mickerts.de\/?page_id=82"},"modified":"2018-09-05T09:29:45","modified_gmt":"2018-09-05T09:29:45","slug":"fassaden","status":"publish","type":"page","link":"http:\/\/mickerts.de\/?page_id=82","title":{"rendered":"Fassaden"},"content":{"rendered":"\t\t<div data-elementor-type=\"wp-post\" data-elementor-id=\"82\" class=\"elementor elementor-82 elementor-bc-flex-widget\">\n\t\t\t\t\t\t<section class=\"elementor-section elementor-top-section elementor-element elementor-element-778fc0f9 elementor-section-boxed elementor-section-height-default elementor-section-height-default\" data-id=\"778fc0f9\" data-element_type=\"section\">\n\t\t\t\t\t\t<div class=\"elementor-container elementor-column-gap-default\">\n\t\t\t\t\t<div class=\"elementor-column elementor-col-50 elementor-top-column elementor-element elementor-element-33ecab6b\" data-id=\"33ecab6b\" data-element_type=\"column\">\n\t\t\t<div class=\"elementor-widget-wrap elementor-element-populated\">\n\t\t\t\t\t\t<div class=\"elementor-element elementor-element-4024c11 elementor-widget elementor-widget-text-editor\" data-id=\"4024c11\" data-element_type=\"widget\" data-widget_type=\"text-editor.default\">\n\t\t\t\t<div class=\"elementor-widget-container\">\n\t\t\t\t\t\t\t\t\t<h4><span style=\"font-family: helvetica, arial, sans-serif;\">Fassaden<\/span><\/h4><p><span style=\"font-family: helvetica, arial, sans-serif;\">Gestalterischer Vielfalt wird keine Grenze gesetzt.\u00a0Naturstein ist ein &#8222;Stoff&#8220; f\u00fcr stilsichere und \u00f6kologische Geb\u00e4udebekleidung. Er erzielt Wirkung durch Integration in nahezu jede Bebauungssituation. Insbesondere im Eingangsbereich, der die Visitenkarte eines jeden Geb\u00e4udes ist.<\/span><\/p>\t\t\t\t\t\t\t\t<\/div>\n\t\t\t\t<\/div>\n\t\t\t\t\t<\/div>\n\t\t<\/div>\n\t\t\t\t<div class=\"elementor-column elementor-col-50 elementor-top-column elementor-element elementor-element-f76ec65\" data-id=\"f76ec65\" data-element_type=\"column\">\n\t\t\t<div class=\"elementor-widget-wrap elementor-element-populated\">\n\t\t\t\t\t\t<div class=\"elementor-element elementor-element-e4e2398 elementor-widget elementor-widget-image\" data-id=\"e4e2398\" data-element_type=\"widget\" data-widget_type=\"image.default\">\n\t\t\t\t<div class=\"elementor-widget-container\">\n\t\t\t\t\t\t\t\t\t\t\t\t\t\t\t<img fetchpriority=\"high\" decoding=\"async\" width=\"1024\" height=\"768\" src=\"https:\/\/mickerts.de\/wp-content\/uploads\/2018\/09\/dscn1065-1024x768.jpg\" class=\"attachment-large size-large wp-image-211\" alt=\"\" srcset=\"https:\/\/mickerts.de\/wp-content\/uploads\/2018\/09\/dscn1065-1024x768.jpg 1024w, https:\/\/mickerts.de\/wp-content\/uploads\/2018\/09\/dscn1065-300x225.jpg 300w, https:\/\/mickerts.de\/wp-content\/uploads\/2018\/09\/dscn1065-768x576.jpg 768w, https:\/\/mickerts.de\/wp-content\/uploads\/2018\/09\/dscn1065-120x90.jpg 120w\" sizes=\"(max-width: 1024px) 100vw, 1024px\" \/>\t\t\t\t\t\t\t\t\t\t\t\t\t\t\t<\/div>\n\t\t\t\t<\/div>\n\t\t\t\t\t<\/div>\n\t\t<\/div>\n\t\t\t\t\t<\/div>\n\t\t<\/section>\n\t\t\t\t<section class=\"elementor-section elementor-top-section elementor-element elementor-element-8f7737a elementor-section-boxed elementor-section-height-default elementor-section-height-default\" data-id=\"8f7737a\" data-element_type=\"section\">\n\t\t\t\t\t\t<div class=\"elementor-container elementor-column-gap-default\">\n\t\t\t\t\t<div class=\"elementor-column elementor-col-100 elementor-top-column elementor-element elementor-element-6863215\" data-id=\"6863215\" data-element_type=\"column\">\n\t\t\t<div class=\"elementor-widget-wrap elementor-element-populated\">\n\t\t\t\t\t\t<div class=\"elementor-element elementor-element-1fd2617 elementor-widget elementor-widget-image-gallery\" data-id=\"1fd2617\" data-element_type=\"widget\" data-widget_type=\"image-gallery.default\">\n\t\t\t\t<div class=\"elementor-widget-container\">\n\t\t\t\t\t\t\t<div class=\"elementor-image-gallery\">\n\t\t\t\n\t\t<style type=\"text\/css\">\n\t\t\t#gallery-1 {\n\t\t\t\tmargin: auto;\n\t\t\t}\n\t\t\t#gallery-1 .gallery-item {\n\t\t\t\tfloat: left;\n\t\t\t\tmargin-top: 10px;\n\t\t\t\ttext-align: center;\n\t\t\t\twidth: 50%;\n\t\t\t}\n\t\t\t#gallery-1 img {\n\t\t\t\tborder: 2px solid #cfcfcf;\n\t\t\t}\n\t\t\t#gallery-1 .gallery-caption {\n\t\t\t\tmargin-left: 0;\n\t\t\t}\n\t\t\t\/* see gallery_shortcode() in wp-includes\/media.php *\/\n\t\t<\/style>\n\t\t<div id='gallery-1' class='gallery galleryid-82 gallery-columns-2 gallery-size-medium'><dl class='gallery-item'>\n\t\t\t<dt class='gallery-icon landscape'>\n\t\t\t\t<a data-elementor-open-lightbox=\"yes\" data-elementor-lightbox-slideshow=\"1fd2617\" data-elementor-lightbox-title=\"img_1160\" data-e-action-hash=\"#elementor-action%3Aaction%3Dlightbox%26settings%3DeyJpZCI6MjE2LCJ1cmwiOiJodHRwczpcL1wvbWlja2VydHMuZGVcL3dwLWNvbnRlbnRcL3VwbG9hZHNcLzIwMThcLzA5XC9pbWdfMTE2MC5qcGciLCJzbGlkZXNob3ciOiIxZmQyNjE3In0%3D\" href='https:\/\/mickerts.de\/wp-content\/uploads\/2018\/09\/img_1160.jpg'><img decoding=\"async\" width=\"300\" height=\"225\" src=\"https:\/\/mickerts.de\/wp-content\/uploads\/2018\/09\/img_1160-300x225.jpg\" class=\"attachment-medium size-medium\" alt=\"\" srcset=\"https:\/\/mickerts.de\/wp-content\/uploads\/2018\/09\/img_1160-300x225.jpg 300w, https:\/\/mickerts.de\/wp-content\/uploads\/2018\/09\/img_1160-768x576.jpg 768w, https:\/\/mickerts.de\/wp-content\/uploads\/2018\/09\/img_1160-1024x768.jpg 1024w, https:\/\/mickerts.de\/wp-content\/uploads\/2018\/09\/img_1160-120x90.jpg 120w\" sizes=\"(max-width: 300px) 100vw, 300px\" \/><\/a>\n\t\t\t<\/dt><\/dl><dl class='gallery-item'>\n\t\t\t<dt class='gallery-icon landscape'>\n\t\t\t\t<a data-elementor-open-lightbox=\"yes\" data-elementor-lightbox-slideshow=\"1fd2617\" data-elementor-lightbox-title=\"img_1154\" data-e-action-hash=\"#elementor-action%3Aaction%3Dlightbox%26settings%3DeyJpZCI6MjE1LCJ1cmwiOiJodHRwczpcL1wvbWlja2VydHMuZGVcL3dwLWNvbnRlbnRcL3VwbG9hZHNcLzIwMThcLzA5XC9pbWdfMTE1NC5qcGciLCJzbGlkZXNob3ciOiIxZmQyNjE3In0%3D\" href='https:\/\/mickerts.de\/wp-content\/uploads\/2018\/09\/img_1154.jpg'><img decoding=\"async\" width=\"300\" height=\"225\" src=\"https:\/\/mickerts.de\/wp-content\/uploads\/2018\/09\/img_1154-300x225.jpg\" class=\"attachment-medium size-medium\" alt=\"\" srcset=\"https:\/\/mickerts.de\/wp-content\/uploads\/2018\/09\/img_1154-300x225.jpg 300w, https:\/\/mickerts.de\/wp-content\/uploads\/2018\/09\/img_1154-768x576.jpg 768w, https:\/\/mickerts.de\/wp-content\/uploads\/2018\/09\/img_1154-1024x768.jpg 1024w, https:\/\/mickerts.de\/wp-content\/uploads\/2018\/09\/img_1154-120x90.jpg 120w\" sizes=\"(max-width: 300px) 100vw, 300px\" \/><\/a>\n\t\t\t<\/dt><\/dl><br style=\"clear: both\" \/><dl class='gallery-item'>\n\t\t\t<dt class='gallery-icon landscape'>\n\t\t\t\t<a data-elementor-open-lightbox=\"yes\" data-elementor-lightbox-slideshow=\"1fd2617\" data-elementor-lightbox-title=\"img_1088\" data-e-action-hash=\"#elementor-action%3Aaction%3Dlightbox%26settings%3DeyJpZCI6MjE0LCJ1cmwiOiJodHRwczpcL1wvbWlja2VydHMuZGVcL3dwLWNvbnRlbnRcL3VwbG9hZHNcLzIwMThcLzA5XC9pbWdfMTA4OC5qcGciLCJzbGlkZXNob3ciOiIxZmQyNjE3In0%3D\" href='https:\/\/mickerts.de\/wp-content\/uploads\/2018\/09\/img_1088.jpg'><img loading=\"lazy\" decoding=\"async\" width=\"300\" height=\"225\" src=\"https:\/\/mickerts.de\/wp-content\/uploads\/2018\/09\/img_1088-300x225.jpg\" class=\"attachment-medium size-medium\" alt=\"\" srcset=\"https:\/\/mickerts.de\/wp-content\/uploads\/2018\/09\/img_1088-300x225.jpg 300w, https:\/\/mickerts.de\/wp-content\/uploads\/2018\/09\/img_1088-768x576.jpg 768w, https:\/\/mickerts.de\/wp-content\/uploads\/2018\/09\/img_1088-1024x768.jpg 1024w, https:\/\/mickerts.de\/wp-content\/uploads\/2018\/09\/img_1088-120x90.jpg 120w\" sizes=\"(max-width: 300px) 100vw, 300px\" \/><\/a>\n\t\t\t<\/dt><\/dl><dl class='gallery-item'>\n\t\t\t<dt class='gallery-icon landscape'>\n\t\t\t\t<a data-elementor-open-lightbox=\"yes\" data-elementor-lightbox-slideshow=\"1fd2617\" data-elementor-lightbox-title=\"dscn0937\" data-e-action-hash=\"#elementor-action%3Aaction%3Dlightbox%26settings%3DeyJpZCI6MjEwLCJ1cmwiOiJodHRwczpcL1wvbWlja2VydHMuZGVcL3dwLWNvbnRlbnRcL3VwbG9hZHNcLzIwMThcLzA5XC9kc2NuMDkzNy5qcGciLCJzbGlkZXNob3ciOiIxZmQyNjE3In0%3D\" href='https:\/\/mickerts.de\/wp-content\/uploads\/2018\/09\/dscn0937.jpg'><img loading=\"lazy\" decoding=\"async\" width=\"300\" height=\"225\" src=\"https:\/\/mickerts.de\/wp-content\/uploads\/2018\/09\/dscn0937-300x225.jpg\" class=\"attachment-medium size-medium\" alt=\"\" srcset=\"https:\/\/mickerts.de\/wp-content\/uploads\/2018\/09\/dscn0937-300x225.jpg 300w, https:\/\/mickerts.de\/wp-content\/uploads\/2018\/09\/dscn0937-768x576.jpg 768w, https:\/\/mickerts.de\/wp-content\/uploads\/2018\/09\/dscn0937-1024x768.jpg 1024w, https:\/\/mickerts.de\/wp-content\/uploads\/2018\/09\/dscn0937-120x90.jpg 120w\" sizes=\"(max-width: 300px) 100vw, 300px\" \/><\/a>\n\t\t\t<\/dt><\/dl><br style=\"clear: both\" \/>\n\t\t<\/div>\n\t\t<\/div>\n\t\t\t\t\t\t<\/div>\n\t\t\t\t<\/div>\n\t\t\t\t<div class=\"elementor-element elementor-element-481b085 elementor-widget elementor-widget-spacer\" data-id=\"481b085\" data-element_type=\"widget\" data-widget_type=\"spacer.default\">\n\t\t\t\t<div class=\"elementor-widget-container\">\n\t\t\t\t\t\t\t<div class=\"elementor-spacer\">\n\t\t\t<div class=\"elementor-spacer-inner\"><\/div>\n\t\t<\/div>\n\t\t\t\t\t\t<\/div>\n\t\t\t\t<\/div>\n\t\t\t\t\t<\/div>\n\t\t<\/div>\n\t\t\t\t\t<\/div>\n\t\t<\/section>\n\t\t\t\t<\/div>\n\t\t","protected":false},"excerpt":{"rendered":"<p>Fassaden Gestalterischer Vielfalt wird keine Grenze gesetzt.\u00a0Naturstein ist ein &#8222;Stoff&#8220; f\u00fcr stilsichere und \u00f6kologische Geb\u00e4udebekleidung. Er erzielt Wirkung durch Integration in nahezu jede Bebauungssituation. Insbesondere im Eingangsbereich, der die Visitenkarte eines jeden Geb\u00e4udes ist.<\/p>\n","protected":false},"author":1,"featured_media":0,"parent":0,"menu_order":0,"comment_status":"closed","ping_status":"closed","template":"","meta":{"footnotes":""},"class_list":["post-82","page","type-page","status-publish","hentry"],"_links":{"self":[{"href":"http:\/\/mickerts.de\/index.php?rest_route=\/wp\/v2\/pages\/82","targetHints":{"allow":["GET"]}}],"collection":[{"href":"http:\/\/mickerts.de\/index.php?rest_route=\/wp\/v2\/pages"}],"about":[{"href":"http:\/\/mickerts.de\/index.php?rest_route=\/wp\/v2\/types\/page"}],"author":[{"embeddable":true,"href":"http:\/\/mickerts.de\/index.php?rest_route=\/wp\/v2\/users\/1"}],"replies":[{"embeddable":true,"href":"http:\/\/mickerts.de\/index.php?rest_route=%2Fwp%2Fv2%2Fcomments&post=82"}],"version-history":[{"count":5,"href":"http:\/\/mickerts.de\/index.php?rest_route=\/wp\/v2\/pages\/82\/revisions"}],"predecessor-version":[{"id":219,"href":"http:\/\/mickerts.de\/index.php?rest_route=\/wp\/v2\/pages\/82\/revisions\/219"}],"wp:attachment":[{"href":"http:\/\/mickerts.de\/index.php?rest_route=%2Fwp%2Fv2%2Fmedia&parent=82"}],"curies":[{"name":"wp","href":"https:\/\/api.w.org\/{rel}","templated":true}]}}