{"id":68,"date":"2018-07-25T10:15:05","date_gmt":"2018-07-25T10:15:05","guid":{"rendered":"http:\/\/wp.mickerts.de\/?page_id=68"},"modified":"2018-09-05T09:37:54","modified_gmt":"2018-09-05T09:37:54","slug":"grabgestaltung","status":"publish","type":"page","link":"http:\/\/mickerts.de\/?page_id=68","title":{"rendered":"Grabgestaltung"},"content":{"rendered":"\t\t<div data-elementor-type=\"wp-page\" data-elementor-id=\"68\" class=\"elementor elementor-68 elementor-bc-flex-widget\">\n\t\t\t\t\t\t<section class=\"elementor-section elementor-top-section elementor-element elementor-element-595d21dd elementor-section-boxed elementor-section-height-default elementor-section-height-default\" data-id=\"595d21dd\" data-element_type=\"section\">\n\t\t\t\t\t\t<div class=\"elementor-container elementor-column-gap-default\">\n\t\t\t\t\t<div class=\"elementor-column elementor-col-50 elementor-top-column elementor-element elementor-element-2672d0b5\" data-id=\"2672d0b5\" data-element_type=\"column\">\n\t\t\t<div class=\"elementor-widget-wrap elementor-element-populated\">\n\t\t\t\t\t\t<div class=\"elementor-element elementor-element-6c583a5 elementor-widget elementor-widget-text-editor\" data-id=\"6c583a5\" data-element_type=\"widget\" data-widget_type=\"text-editor.default\">\n\t\t\t\t<div class=\"elementor-widget-container\">\n\t\t\t\t\t\t\t\t\t<h4><span style=\"font-family: helvetica, arial, sans-serif;\">Ein Grabmal ist Ausdruck des pers\u00f6nlichen Empfindens.<\/span><\/h4><p><span style=\"font-family: helvetica, arial, sans-serif;\">Ob sie ein schlichtes, ein kunstvolles oder ein klassisches Grabmal w\u00fcnschen: Wir bieten Ihnen eine reichhaltige Auswahl an Grabmalen in verschiedenen Granit- und Marmorsorten, sowie Grabschmuck aus Bronze, zur individuellen Grabgestaltung. Auch \u00c4nderungs- und Restaurierungsarbeiten an Grabmalen sowie Schrifterg\u00e4nzungen werden von uns sorgf\u00e4ltig und fachgerecht ausgef\u00fchrt. Besuchen Sie uns unverbindlich in unserem Betrieb: Es erwarten Sie jederzeit eine fachlich kompetente Beratung und ein preisbewu\u00dftes Angebot.<\/span><\/p>\t\t\t\t\t\t\t\t<\/div>\n\t\t\t\t<\/div>\n\t\t\t\t\t<\/div>\n\t\t<\/div>\n\t\t\t\t<div class=\"elementor-column elementor-col-50 elementor-top-column elementor-element elementor-element-a5cfb84\" data-id=\"a5cfb84\" data-element_type=\"column\">\n\t\t\t<div class=\"elementor-widget-wrap elementor-element-populated\">\n\t\t\t\t\t\t<div class=\"elementor-element elementor-element-9659231 elementor-widget elementor-widget-image\" data-id=\"9659231\" data-element_type=\"widget\" data-widget_type=\"image.default\">\n\t\t\t\t<div class=\"elementor-widget-container\">\n\t\t\t\t\t\t\t\t\t\t\t\t\t\t\t<img fetchpriority=\"high\" decoding=\"async\" width=\"1024\" height=\"768\" src=\"https:\/\/mickerts.de\/wp-content\/uploads\/2018\/09\/Ausstellung-003-Kopie-1024x768.jpg\" class=\"attachment-large size-large wp-image-229\" alt=\"\" srcset=\"https:\/\/mickerts.de\/wp-content\/uploads\/2018\/09\/Ausstellung-003-Kopie-1024x768.jpg 1024w, https:\/\/mickerts.de\/wp-content\/uploads\/2018\/09\/Ausstellung-003-Kopie-300x225.jpg 300w, https:\/\/mickerts.de\/wp-content\/uploads\/2018\/09\/Ausstellung-003-Kopie-768x576.jpg 768w, https:\/\/mickerts.de\/wp-content\/uploads\/2018\/09\/Ausstellung-003-Kopie-120x90.jpg 120w\" sizes=\"(max-width: 1024px) 100vw, 1024px\" \/>\t\t\t\t\t\t\t\t\t\t\t\t\t\t\t<\/div>\n\t\t\t\t<\/div>\n\t\t\t\t\t<\/div>\n\t\t<\/div>\n\t\t\t\t\t<\/div>\n\t\t<\/section>\n\t\t\t\t<section class=\"elementor-section elementor-top-section elementor-element elementor-element-2637b98 elementor-section-boxed elementor-section-height-default elementor-section-height-default\" data-id=\"2637b98\" data-element_type=\"section\">\n\t\t\t\t\t\t<div class=\"elementor-container elementor-column-gap-default\">\n\t\t\t\t\t<div class=\"elementor-column elementor-col-100 elementor-top-column elementor-element elementor-element-41d694e\" data-id=\"41d694e\" data-element_type=\"column\">\n\t\t\t<div class=\"elementor-widget-wrap elementor-element-populated\">\n\t\t\t\t\t\t<div class=\"elementor-element elementor-element-220cf41 elementor-widget elementor-widget-image-gallery\" data-id=\"220cf41\" data-element_type=\"widget\" data-widget_type=\"image-gallery.default\">\n\t\t\t\t<div class=\"elementor-widget-container\">\n\t\t\t\t\t\t\t<div class=\"elementor-image-gallery\">\n\t\t\t\n\t\t<style type=\"text\/css\">\n\t\t\t#gallery-1 {\n\t\t\t\tmargin: auto;\n\t\t\t}\n\t\t\t#gallery-1 .gallery-item {\n\t\t\t\tfloat: left;\n\t\t\t\tmargin-top: 10px;\n\t\t\t\ttext-align: center;\n\t\t\t\twidth: 33%;\n\t\t\t}\n\t\t\t#gallery-1 img {\n\t\t\t\tborder: 2px solid #cfcfcf;\n\t\t\t}\n\t\t\t#gallery-1 .gallery-caption {\n\t\t\t\tmargin-left: 0;\n\t\t\t}\n\t\t\t\/* see gallery_shortcode() in wp-includes\/media.php *\/\n\t\t<\/style>\n\t\t<div id='gallery-1' class='gallery galleryid-68 gallery-columns-3 gallery-size-medium'><dl class='gallery-item'>\n\t\t\t<dt class='gallery-icon landscape'>\n\t\t\t\t<a data-elementor-open-lightbox=\"yes\" data-elementor-lightbox-slideshow=\"220cf41\" data-elementor-lightbox-title=\"2005_0102Bild0006\" data-e-action-hash=\"#elementor-action%3Aaction%3Dlightbox%26settings%3DeyJpZCI6MjIyLCJ1cmwiOiJodHRwczpcL1wvbWlja2VydHMuZGVcL3dwLWNvbnRlbnRcL3VwbG9hZHNcLzIwMThcLzA5XC8yMDA1XzAxMDJCaWxkMDAwNi5qcGciLCJzbGlkZXNob3ciOiIyMjBjZjQxIn0%3D\" href='https:\/\/mickerts.de\/wp-content\/uploads\/2018\/09\/2005_0102Bild0006.jpg'><img decoding=\"async\" width=\"300\" height=\"225\" src=\"https:\/\/mickerts.de\/wp-content\/uploads\/2018\/09\/2005_0102Bild0006-300x225.jpg\" class=\"attachment-medium size-medium\" alt=\"\" srcset=\"https:\/\/mickerts.de\/wp-content\/uploads\/2018\/09\/2005_0102Bild0006-300x225.jpg 300w, https:\/\/mickerts.de\/wp-content\/uploads\/2018\/09\/2005_0102Bild0006-768x576.jpg 768w, https:\/\/mickerts.de\/wp-content\/uploads\/2018\/09\/2005_0102Bild0006-1024x768.jpg 1024w, https:\/\/mickerts.de\/wp-content\/uploads\/2018\/09\/2005_0102Bild0006-120x90.jpg 120w\" sizes=\"(max-width: 300px) 100vw, 300px\" \/><\/a>\n\t\t\t<\/dt><\/dl><dl class='gallery-item'>\n\t\t\t<dt class='gallery-icon landscape'>\n\t\t\t\t<a data-elementor-open-lightbox=\"yes\" data-elementor-lightbox-slideshow=\"220cf41\" data-elementor-lightbox-title=\"IMG_0042b - Kopie\" data-e-action-hash=\"#elementor-action%3Aaction%3Dlightbox%26settings%3DeyJpZCI6MjMwLCJ1cmwiOiJodHRwczpcL1wvbWlja2VydHMuZGVcL3dwLWNvbnRlbnRcL3VwbG9hZHNcLzIwMThcLzA5XC9JTUdfMDA0MmItS29waWUuanBnIiwic2xpZGVzaG93IjoiMjIwY2Y0MSJ9\" href='https:\/\/mickerts.de\/wp-content\/uploads\/2018\/09\/IMG_0042b-Kopie.jpg'><img decoding=\"async\" width=\"300\" height=\"225\" src=\"https:\/\/mickerts.de\/wp-content\/uploads\/2018\/09\/IMG_0042b-Kopie-300x225.jpg\" class=\"attachment-medium size-medium\" alt=\"\" srcset=\"https:\/\/mickerts.de\/wp-content\/uploads\/2018\/09\/IMG_0042b-Kopie-300x225.jpg 300w, https:\/\/mickerts.de\/wp-content\/uploads\/2018\/09\/IMG_0042b-Kopie-768x576.jpg 768w, https:\/\/mickerts.de\/wp-content\/uploads\/2018\/09\/IMG_0042b-Kopie-1024x768.jpg 1024w, https:\/\/mickerts.de\/wp-content\/uploads\/2018\/09\/IMG_0042b-Kopie-120x90.jpg 120w\" sizes=\"(max-width: 300px) 100vw, 300px\" \/><\/a>\n\t\t\t<\/dt><\/dl><dl class='gallery-item'>\n\t\t\t<dt class='gallery-icon landscape'>\n\t\t\t\t<a data-elementor-open-lightbox=\"yes\" data-elementor-lightbox-slideshow=\"220cf41\" data-elementor-lightbox-title=\"img_0031\" data-e-action-hash=\"#elementor-action%3Aaction%3Dlightbox%26settings%3DeyJpZCI6MjI3LCJ1cmwiOiJodHRwczpcL1wvbWlja2VydHMuZGVcL3dwLWNvbnRlbnRcL3VwbG9hZHNcLzIwMThcLzA5XC9pbWdfMDAzMS5qcGciLCJzbGlkZXNob3ciOiIyMjBjZjQxIn0%3D\" href='https:\/\/mickerts.de\/wp-content\/uploads\/2018\/09\/img_0031.jpg'><img loading=\"lazy\" decoding=\"async\" width=\"300\" height=\"225\" src=\"https:\/\/mickerts.de\/wp-content\/uploads\/2018\/09\/img_0031-300x225.jpg\" class=\"attachment-medium size-medium\" alt=\"\" srcset=\"https:\/\/mickerts.de\/wp-content\/uploads\/2018\/09\/img_0031-300x225.jpg 300w, https:\/\/mickerts.de\/wp-content\/uploads\/2018\/09\/img_0031-768x576.jpg 768w, https:\/\/mickerts.de\/wp-content\/uploads\/2018\/09\/img_0031-1024x768.jpg 1024w, https:\/\/mickerts.de\/wp-content\/uploads\/2018\/09\/img_0031-120x90.jpg 120w\" sizes=\"(max-width: 300px) 100vw, 300px\" \/><\/a>\n\t\t\t<\/dt><\/dl><br style=\"clear: both\" \/><dl class='gallery-item'>\n\t\t\t<dt class='gallery-icon portrait'>\n\t\t\t\t<a data-elementor-open-lightbox=\"yes\" data-elementor-lightbox-slideshow=\"220cf41\" data-elementor-lightbox-title=\"290306 004\" data-e-action-hash=\"#elementor-action%3Aaction%3Dlightbox%26settings%3DeyJpZCI6MjIzLCJ1cmwiOiJodHRwczpcL1wvbWlja2VydHMuZGVcL3dwLWNvbnRlbnRcL3VwbG9hZHNcLzIwMThcLzA5XC8yOTAzMDYtMDA0LWUxNTM2MTQwMjM4MjM1LmpwZyIsInNsaWRlc2hvdyI6IjIyMGNmNDEifQ%3D%3D\" href='https:\/\/mickerts.de\/wp-content\/uploads\/2018\/09\/290306-004-e1536140238235.jpg'><img loading=\"lazy\" decoding=\"async\" width=\"225\" height=\"300\" src=\"https:\/\/mickerts.de\/wp-content\/uploads\/2018\/09\/290306-004-e1536140238235-225x300.jpg\" class=\"attachment-medium size-medium\" alt=\"\" srcset=\"https:\/\/mickerts.de\/wp-content\/uploads\/2018\/09\/290306-004-e1536140238235-225x300.jpg 225w, https:\/\/mickerts.de\/wp-content\/uploads\/2018\/09\/290306-004-e1536140238235-768x1024.jpg 768w, https:\/\/mickerts.de\/wp-content\/uploads\/2018\/09\/290306-004-e1536140238235.jpg 1704w\" sizes=\"(max-width: 225px) 100vw, 225px\" \/><\/a>\n\t\t\t<\/dt><\/dl><dl class='gallery-item'>\n\t\t\t<dt class='gallery-icon portrait'>\n\t\t\t\t<a data-elementor-open-lightbox=\"yes\" data-elementor-lightbox-slideshow=\"220cf41\" data-elementor-lightbox-title=\"Sierra Exif JPEG\" data-e-action-hash=\"#elementor-action%3Aaction%3Dlightbox%26settings%3DeyJpZCI6MjI2LCJ1cmwiOiJodHRwczpcL1wvbWlja2VydHMuZGVcL3dwLWNvbnRlbnRcL3VwbG9hZHNcLzIwMThcLzA5XC9CMjI1Ni1EaWFiYXMuanBnIiwic2xpZGVzaG93IjoiMjIwY2Y0MSJ9\" href='https:\/\/mickerts.de\/wp-content\/uploads\/2018\/09\/B2256-Diabas.jpg'><img loading=\"lazy\" decoding=\"async\" width=\"225\" height=\"300\" src=\"https:\/\/mickerts.de\/wp-content\/uploads\/2018\/09\/B2256-Diabas-225x300.jpg\" class=\"attachment-medium size-medium\" alt=\"\" srcset=\"https:\/\/mickerts.de\/wp-content\/uploads\/2018\/09\/B2256-Diabas-225x300.jpg 225w, https:\/\/mickerts.de\/wp-content\/uploads\/2018\/09\/B2256-Diabas.jpg 768w\" sizes=\"(max-width: 225px) 100vw, 225px\" \/><\/a>\n\t\t\t<\/dt><\/dl><dl class='gallery-item'>\n\t\t\t<dt class='gallery-icon portrait'>\n\t\t\t\t<a data-elementor-open-lightbox=\"yes\" data-elementor-lightbox-slideshow=\"220cf41\" data-elementor-lightbox-title=\"Sierra Exif JPEG\" data-e-action-hash=\"#elementor-action%3Aaction%3Dlightbox%26settings%3DeyJpZCI6MjI1LCJ1cmwiOiJodHRwczpcL1wvbWlja2VydHMuZGVcL3dwLWNvbnRlbnRcL3VwbG9hZHNcLzIwMThcLzA5XC9CMjI1MmEtR3Jhbml0LmpwZyIsInNsaWRlc2hvdyI6IjIyMGNmNDEifQ%3D%3D\" href='https:\/\/mickerts.de\/wp-content\/uploads\/2018\/09\/B2252a-Granit.jpg'><img loading=\"lazy\" decoding=\"async\" width=\"225\" height=\"300\" src=\"https:\/\/mickerts.de\/wp-content\/uploads\/2018\/09\/B2252a-Granit-225x300.jpg\" class=\"attachment-medium size-medium\" alt=\"\" srcset=\"https:\/\/mickerts.de\/wp-content\/uploads\/2018\/09\/B2252a-Granit-225x300.jpg 225w, https:\/\/mickerts.de\/wp-content\/uploads\/2018\/09\/B2252a-Granit.jpg 768w\" sizes=\"(max-width: 225px) 100vw, 225px\" \/><\/a>\n\t\t\t<\/dt><\/dl><br style=\"clear: both\" \/>\n\t\t<\/div>\n\t\t<\/div>\n\t\t\t\t\t\t<\/div>\n\t\t\t\t<\/div>\n\t\t\t\t\t<\/div>\n\t\t<\/div>\n\t\t\t\t\t<\/div>\n\t\t<\/section>\n\t\t\t\t<\/div>\n\t\t","protected":false},"excerpt":{"rendered":"<p>Ein Grabmal ist Ausdruck des pers\u00f6nlichen Empfindens. Ob sie ein schlichtes, ein kunstvolles oder ein klassisches Grabmal w\u00fcnschen: Wir bieten Ihnen eine reichhaltige Auswahl an Grabmalen in verschiedenen Granit- und Marmorsorten, sowie Grabschmuck aus Bronze, zur individuellen Grabgestaltung. Auch \u00c4nderungs- und Restaurierungsarbeiten an Grabmalen sowie Schrifterg\u00e4nzungen werden von uns sorgf\u00e4ltig und fachgerecht ausgef\u00fchrt. Besuchen Sie&hellip;<\/p>\n","protected":false},"author":1,"featured_media":0,"parent":0,"menu_order":0,"comment_status":"closed","ping_status":"closed","template":"","meta":{"footnotes":""},"class_list":["post-68","page","type-page","status-publish","hentry"],"_links":{"self":[{"href":"http:\/\/mickerts.de\/index.php?rest_route=\/wp\/v2\/pages\/68","targetHints":{"allow":["GET"]}}],"collection":[{"href":"http:\/\/mickerts.de\/index.php?rest_route=\/wp\/v2\/pages"}],"about":[{"href":"http:\/\/mickerts.de\/index.php?rest_route=\/wp\/v2\/types\/page"}],"author":[{"embeddable":true,"href":"http:\/\/mickerts.de\/index.php?rest_route=\/wp\/v2\/users\/1"}],"replies":[{"embeddable":true,"href":"http:\/\/mickerts.de\/index.php?rest_route=%2Fwp%2Fv2%2Fcomments&post=68"}],"version-history":[{"count":3,"href":"http:\/\/mickerts.de\/index.php?rest_route=\/wp\/v2\/pages\/68\/revisions"}],"predecessor-version":[{"id":233,"href":"http:\/\/mickerts.de\/index.php?rest_route=\/wp\/v2\/pages\/68\/revisions\/233"}],"wp:attachment":[{"href":"http:\/\/mickerts.de\/index.php?rest_route=%2Fwp%2Fv2%2Fmedia&parent=68"}],"curies":[{"name":"wp","href":"https:\/\/api.w.org\/{rel}","templated":true}]}}