{"id":65,"date":"2018-07-25T09:50:58","date_gmt":"2018-07-25T09:50:58","guid":{"rendered":"http:\/\/wp.mickerts.de\/?page_id=65"},"modified":"2018-09-05T09:41:15","modified_gmt":"2018-09-05T09:41:15","slug":"startseite","status":"publish","type":"page","link":"http:\/\/mickerts.de\/","title":{"rendered":"Startseite"},"content":{"rendered":"\t\t<div data-elementor-type=\"wp-page\" data-elementor-id=\"65\" class=\"elementor elementor-65 elementor-bc-flex-widget\">\n\t\t\t\t\t\t<section class=\"elementor-section elementor-top-section elementor-element elementor-element-506f618d elementor-section-boxed elementor-section-height-default elementor-section-height-default\" data-id=\"506f618d\" data-element_type=\"section\">\n\t\t\t\t\t\t<div class=\"elementor-container elementor-column-gap-default\">\n\t\t\t\t\t<div class=\"elementor-column elementor-col-50 elementor-top-column elementor-element elementor-element-5e130332\" data-id=\"5e130332\" data-element_type=\"column\">\n\t\t\t<div class=\"elementor-widget-wrap elementor-element-populated\">\n\t\t\t\t\t\t<div class=\"elementor-element elementor-element-215415bc elementor-widget elementor-widget-text-editor\" data-id=\"215415bc\" data-element_type=\"widget\" data-widget_type=\"text-editor.default\">\n\t\t\t\t<div class=\"elementor-widget-container\">\n\t\t\t\t\t\t\t\t\t<h4><span style=\"font-family: helvetica, arial, sans-serif;\">Steinmetzbetrieb Wilfried Mickerts GmbH<\/span><\/h4><p><span style=\"font-family: helvetica, arial, sans-serif;\">Gegr\u00fcndet wurde die Firma 1889 von Heinrich Mickerts an der Friedhofstra\u00dfe 113, zwischenzeitlich umbenannt in Martinstra\u00dfe 113 \u2013 115, in Krefeld. Nach dem Tode von Wilhelm Mickerts 1955 wurde das Unternehmen von seinem Sohn Wilfried Mickerts weitergef\u00fchrt. Das fachliche Wissen und deren F\u00fchrungskompetenz sind noch heute im Betrieb sp\u00fcrbar. Das Unternehmen, nunmehr in der 4. Generation t\u00e4tig, firmiert unter Steinmetzbetrieb Wilfried Mickerts GmbH.<\/span><\/p><p><span style=\"font-family: helvetica, arial, sans-serif;\">Wir bilden aus!<\/span><\/p>\t\t\t\t\t\t\t\t<\/div>\n\t\t\t\t<\/div>\n\t\t\t\t\t<\/div>\n\t\t<\/div>\n\t\t\t\t<div class=\"elementor-column elementor-col-50 elementor-top-column elementor-element elementor-element-d2dd705\" data-id=\"d2dd705\" data-element_type=\"column\">\n\t\t\t<div class=\"elementor-widget-wrap elementor-element-populated\">\n\t\t\t\t\t\t<div class=\"elementor-element elementor-element-970c833 elementor-widget elementor-widget-image\" data-id=\"970c833\" data-element_type=\"widget\" data-widget_type=\"image.default\">\n\t\t\t\t<div class=\"elementor-widget-container\">\n\t\t\t\t\t\t\t\t\t\t\t\t\t\t\t<img fetchpriority=\"high\" decoding=\"async\" width=\"1024\" height=\"768\" src=\"http:\/\/mickerts.de\/wp-content\/uploads\/2018\/09\/Ausstellung-017-1024x768.jpg\" class=\"attachment-large size-large wp-image-236\" alt=\"\" srcset=\"http:\/\/mickerts.de\/wp-content\/uploads\/2018\/09\/Ausstellung-017-1024x768.jpg 1024w, http:\/\/mickerts.de\/wp-content\/uploads\/2018\/09\/Ausstellung-017-300x225.jpg 300w, http:\/\/mickerts.de\/wp-content\/uploads\/2018\/09\/Ausstellung-017-768x576.jpg 768w, http:\/\/mickerts.de\/wp-content\/uploads\/2018\/09\/Ausstellung-017-120x90.jpg 120w\" sizes=\"(max-width: 1024px) 100vw, 1024px\" \/>\t\t\t\t\t\t\t\t\t\t\t\t\t\t\t<\/div>\n\t\t\t\t<\/div>\n\t\t\t\t\t<\/div>\n\t\t<\/div>\n\t\t\t\t\t<\/div>\n\t\t<\/section>\n\t\t\t\t<\/div>\n\t\t","protected":false},"excerpt":{"rendered":"<p>Steinmetzbetrieb Wilfried Mickerts GmbH Gegr\u00fcndet wurde die Firma 1889 von Heinrich Mickerts an der Friedhofstra\u00dfe 113, zwischenzeitlich umbenannt in Martinstra\u00dfe 113 \u2013 115, in Krefeld. Nach dem Tode von Wilhelm Mickerts 1955 wurde das Unternehmen von seinem Sohn Wilfried Mickerts weitergef\u00fchrt. Das fachliche Wissen und deren F\u00fchrungskompetenz sind noch heute im Betrieb sp\u00fcrbar. Das Unternehmen,&hellip;<\/p>\n","protected":false},"author":1,"featured_media":0,"parent":0,"menu_order":0,"comment_status":"closed","ping_status":"closed","template":"","meta":{"footnotes":""},"class_list":["post-65","page","type-page","status-publish","hentry"],"_links":{"self":[{"href":"http:\/\/mickerts.de\/index.php?rest_route=\/wp\/v2\/pages\/65","targetHints":{"allow":["GET"]}}],"collection":[{"href":"http:\/\/mickerts.de\/index.php?rest_route=\/wp\/v2\/pages"}],"about":[{"href":"http:\/\/mickerts.de\/index.php?rest_route=\/wp\/v2\/types\/page"}],"author":[{"embeddable":true,"href":"http:\/\/mickerts.de\/index.php?rest_route=\/wp\/v2\/users\/1"}],"replies":[{"embeddable":true,"href":"http:\/\/mickerts.de\/index.php?rest_route=%2Fwp%2Fv2%2Fcomments&post=65"}],"version-history":[{"count":3,"href":"http:\/\/mickerts.de\/index.php?rest_route=\/wp\/v2\/pages\/65\/revisions"}],"predecessor-version":[{"id":237,"href":"http:\/\/mickerts.de\/index.php?rest_route=\/wp\/v2\/pages\/65\/revisions\/237"}],"wp:attachment":[{"href":"http:\/\/mickerts.de\/index.php?rest_route=%2Fwp%2Fv2%2Fmedia&parent=65"}],"curies":[{"name":"wp","href":"https:\/\/api.w.org\/{rel}","templated":true}]}}